{"id":9,"date":"2021-08-18T13:39:55","date_gmt":"2021-08-18T11:39:55","guid":{"rendered":"http:\/\/streetartrebellion.com\/?page_id=9"},"modified":"2024-11-22T12:19:01","modified_gmt":"2024-11-22T11:19:01","slug":"a-propos-de","status":"publish","type":"page","link":"https:\/\/streetartrebellion.com\/index.php\/a-propos-de\/","title":{"rendered":"#LOVEPLANET"},"content":{"rendered":"\n<p><\/p>\n\n\n\n<figure class=\"wp-block-pullquote has-normal-font-size\"><blockquote><p>#loveplanet, des \u0153uvres d\u2019art mises \u00e0 la disposition de toutes les luttes \u00e9cologistes sur la plan\u00e8te, une <strong>action artiviste collaborative internationale <\/strong>n\u00e9e \u00e0 l&rsquo;initiative du collectif&nbsp; <strong>Street Art R\u00e9bellion<\/strong>. <br>Partout, dans le monde, nous appelons chacune et chacun \u00e0 s\u2019emparer de ces \u0153uvres et \u00e0 les coller sur les murs* de leur ville.&nbsp;<\/p><\/blockquote><\/figure>\n\n\n\n<p class=\"has-small-font-size\">*supports l\u00e9gaux \u00e0 privil\u00e9gier&nbsp;<\/p>\n\n\n\n<figure class=\"wp-block-image size-large\"><img loading=\"lazy\" decoding=\"async\" width=\"1024\" height=\"727\" src=\"http:\/\/streetartrebellion.com\/wp-content\/uploads\/2024\/01\/Montreuil-EIF4-rec-1024x727.jpeg\" alt=\"\" class=\"wp-image-477\" srcset=\"https:\/\/streetartrebellion.com\/wp-content\/uploads\/2024\/01\/Montreuil-EIF4-rec-1024x727.jpeg 1024w, https:\/\/streetartrebellion.com\/wp-content\/uploads\/2024\/01\/Montreuil-EIF4-rec-300x213.jpeg 300w, https:\/\/streetartrebellion.com\/wp-content\/uploads\/2024\/01\/Montreuil-EIF4-rec-768x546.jpeg 768w, https:\/\/streetartrebellion.com\/wp-content\/uploads\/2024\/01\/Montreuil-EIF4-rec-1536x1091.jpeg 1536w, https:\/\/streetartrebellion.com\/wp-content\/uploads\/2024\/01\/Montreuil-EIF4-rec-2048x1455.jpeg 2048w\" sizes=\"auto, (max-width: 1024px) 100vw, 1024px\" \/><figcaption class=\"wp-element-caption\"> EIF \u2013 Montreuil \u2013 Visuel de JOBER \u2013 Photo \u00a9Gaelle Astier-Perret<\/figcaption><\/figure>\n\n\n\n<h3 class=\"wp-block-heading has-text-align-center\">Le changement est \u00e0 notre port\u00e9e, si nous agissons vite et tous ensemble !<\/h3>\n\n\n\n<p><\/p>\n\n\n\n<p>C&rsquo;est ce message positif de r\u00e9bellion que porte #loveplanet en offrant la possibilit\u00e9 au grand public d&rsquo;utiliser les \u0153uvres cr\u00e9\u00e9es par <strong>les 61 artistes<\/strong> qui ont accept\u00e9 de mettre leur talent et notori\u00e9t\u00e9 au service de cette action de collage de rue, participative, spontan\u00e9e et internationale.\u00a0<\/p>\n\n\n\n<div class=\"wp-block-columns is-layout-flex wp-container-core-columns-is-layout-9d6595d7 wp-block-columns-is-layout-flex\">\n<div class=\"wp-block-column is-layout-flow wp-block-column-is-layout-flow\">\n<div class=\"wp-block-buttons has-custom-font-size has-normal-font-size is-content-justification-center is-layout-flex wp-container-core-buttons-is-layout-16018d1d wp-block-buttons-is-layout-flex\">\n<div class=\"wp-block-button\"><a class=\"wp-block-button__link wp-element-button\" href=\"http:\/\/streetartrebellion.com\/index.php\/loveplanet-2020\/\">SAISON 1<\/a><\/div>\n<\/div>\n<\/div>\n\n\n\n<div class=\"wp-block-column is-layout-flow wp-block-column-is-layout-flow\">\n<div class=\"wp-block-buttons has-custom-font-size has-normal-font-size is-content-justification-center is-layout-flex wp-container-core-buttons-is-layout-16018d1d wp-block-buttons-is-layout-flex\">\n<div class=\"wp-block-button\"><a class=\"wp-block-button__link wp-element-button\" href=\"http:\/\/streetartrebellion.com\/index.php\/loveplanet-2024\/\">SAISON 2<\/a><\/div>\n<\/div>\n<\/div>\n<\/div>\n\n\n\n<p>L&rsquo;action prend la forme d&rsquo;une <strong>campagne de collage collective en France et \u00e0 l&rsquo;\u00e9tranger<\/strong>, \u00e0 partir de visuels in\u00e9dits mis \u00e0 la disposition de toutes et de tous par les artistes contact\u00e9s par le collectif, associ\u00e9s \u00e0 des phrases ou citations choisies r\u00e9dig\u00e9es par les diff\u00e9rents collectifs et associations.<\/p>\n\n\n\n<p class=\"has-text-align-left\">Face \u00e0 l\u2019inaction politique, l\u2019alliance des sciences et des arts est une des voies possibles, la n\u00f4tre, pour voir notre esp\u00e8ce r\u00e9agir et engager la survie du monde vivant, gr\u00e2ce au concours et au soutien de multiples <a href=\"http:\/\/streetartrebellion.com\/index.php\/nos-partenaires\/\" data-type=\"page\" data-id=\"520\">partenaires<\/a>.<\/p>\n\n\n\n<p><strong>Les oeuvres disponibles en<a href=\"https:\/\/drive.proton.me\/urls\/A6SPNKNYEW#Vg6vZERn5eL5\"> t\u00e9l\u00e9chargement libre<\/a><\/strong> pourront ainsi \u00eatre imprim\u00e9es par tout citoyen, association ou groupe d&rsquo;individus, puis coll\u00e9es par leurs soins dans l&rsquo;espace public ou \u00eatre utilis\u00e9es pour illustrer des campagnes militantes.<\/p>\n\n\n\n<p>Tous les participants sont \u00e9galement invit\u00e9s \u00e0 relayer sur le compte <strong>Instagram &amp; Facebook<\/strong> du collectif Street Art R\u00e9bellion les photos et vid\u00e9os de leurs collages gr\u00e2ce au hashtag #LOVEPLANET afin de donner un maximum de visibilit\u00e9 \u00e0 notre message et volont\u00e9 de changement.\u00a0<\/p>\n\n\n\n<h2 class=\"wp-block-heading has-text-align-center\">L\u2019action n\u2019a pas de fin. <\/h2>\n\n\n\n<h2 class=\"wp-block-heading has-text-align-center\">Elle durera aussi longtemps qu\u2019il sera n\u00e9cessaire de lutter.<\/h2>\n\n\n\n<figure class=\"wp-block-image size-large\"><img loading=\"lazy\" decoding=\"async\" width=\"1024\" height=\"577\" src=\"http:\/\/streetartrebellion.com\/wp-content\/uploads\/2024\/01\/P1050594-1024x577.jpeg\" alt=\"\" class=\"wp-image-478\" srcset=\"https:\/\/streetartrebellion.com\/wp-content\/uploads\/2024\/01\/P1050594-1024x577.jpeg 1024w, https:\/\/streetartrebellion.com\/wp-content\/uploads\/2024\/01\/P1050594-300x169.jpeg 300w, https:\/\/streetartrebellion.com\/wp-content\/uploads\/2024\/01\/P1050594-768x433.jpeg 768w, https:\/\/streetartrebellion.com\/wp-content\/uploads\/2024\/01\/P1050594-1536x866.jpeg 1536w, https:\/\/streetartrebellion.com\/wp-content\/uploads\/2024\/01\/P1050594-2048x1154.jpeg 2048w, https:\/\/streetartrebellion.com\/wp-content\/uploads\/2024\/01\/P1050594-1040x585.jpeg 1040w\" sizes=\"auto, (max-width: 1024px) 100vw, 1024px\" \/><figcaption class=\"wp-element-caption\">D\u00e9dales &#8211; Vannes &#8211; Visuels de Petit Plat, MISTER PEE, MIKA, Levalet, Ella et Pitr, Erika Raio &#8211; Photos \u00a9Street Art Rebellion<\/figcaption><\/figure>\n\n\n\n<figure class=\"wp-block-image size-large\"><img loading=\"lazy\" decoding=\"async\" width=\"1024\" height=\"768\" src=\"http:\/\/streetartrebellion.com\/wp-content\/uploads\/2024\/01\/YZ-Senegal-2022-01-16-1024x768.jpeg\" alt=\"\" class=\"wp-image-479\" srcset=\"https:\/\/streetartrebellion.com\/wp-content\/uploads\/2024\/01\/YZ-Senegal-2022-01-16-1024x768.jpeg 1024w, https:\/\/streetartrebellion.com\/wp-content\/uploads\/2024\/01\/YZ-Senegal-2022-01-16-300x225.jpeg 300w, https:\/\/streetartrebellion.com\/wp-content\/uploads\/2024\/01\/YZ-Senegal-2022-01-16-768x576.jpeg 768w, https:\/\/streetartrebellion.com\/wp-content\/uploads\/2024\/01\/YZ-Senegal-2022-01-16-1536x1152.jpeg 1536w, https:\/\/streetartrebellion.com\/wp-content\/uploads\/2024\/01\/YZ-Senegal-2022-01-16-666x500.jpeg 666w, https:\/\/streetartrebellion.com\/wp-content\/uploads\/2024\/01\/YZ-Senegal-2022-01-16.jpeg 2048w\" sizes=\"auto, (max-width: 1024px) 100vw, 1024px\" \/><figcaption class=\"wp-element-caption\">Sally &#8211; S\u00e9n\u00e9gal &#8211; Visuel de YZ &#8211; Photo : \u00a9Street Art Rebellion<\/figcaption><\/figure>\n\n\n\n<figure class=\"wp-block-image size-large\"><img loading=\"lazy\" decoding=\"async\" width=\"1024\" height=\"710\" src=\"http:\/\/streetartrebellion.com\/wp-content\/uploads\/2024\/11\/amoureux-loveplanet-1024x710.jpg\" alt=\"\" class=\"wp-image-794\" srcset=\"https:\/\/streetartrebellion.com\/wp-content\/uploads\/2024\/11\/amoureux-loveplanet-1024x710.jpg 1024w, https:\/\/streetartrebellion.com\/wp-content\/uploads\/2024\/11\/amoureux-loveplanet-300x208.jpg 300w, https:\/\/streetartrebellion.com\/wp-content\/uploads\/2024\/11\/amoureux-loveplanet-768x533.jpg 768w, https:\/\/streetartrebellion.com\/wp-content\/uploads\/2024\/11\/amoureux-loveplanet-1536x1066.jpg 1536w, https:\/\/streetartrebellion.com\/wp-content\/uploads\/2024\/11\/amoureux-loveplanet-2048x1421.jpg 2048w\" sizes=\"auto, (max-width: 1024px) 100vw, 1024px\" \/><figcaption class=\"wp-element-caption\">Paris \u00a9Eric Coquelin &#8211; visuels de Bob 59 et Hurl &#8211; 2024<\/figcaption><\/figure>\n","protected":false},"excerpt":{"rendered":"<p>#loveplanet, des \u0153uvres d\u2019art mises \u00e0 la disposition de toutes les luttes \u00e9cologistes sur la plan\u00e8te, une action artiviste collaborative &hellip; <a href=\"https:\/\/streetartrebellion.com\/index.php\/a-propos-de\/\" class=\"more-link\"><span class=\"more-button\">Read More<span class=\"screen-reader-text\">#LOVEPLANET<\/span><\/span><\/a><\/p>\n","protected":false},"author":1,"featured_media":476,"parent":0,"menu_order":0,"comment_status":"closed","ping_status":"closed","template":"","meta":{"footnotes":""},"class_list":["post-9","page","type-page","status-publish","has-post-thumbnail","hentry"],"_links":{"self":[{"href":"https:\/\/streetartrebellion.com\/index.php\/wp-json\/wp\/v2\/pages\/9","targetHints":{"allow":["GET"]}}],"collection":[{"href":"https:\/\/streetartrebellion.com\/index.php\/wp-json\/wp\/v2\/pages"}],"about":[{"href":"https:\/\/streetartrebellion.com\/index.php\/wp-json\/wp\/v2\/types\/page"}],"author":[{"embeddable":true,"href":"https:\/\/streetartrebellion.com\/index.php\/wp-json\/wp\/v2\/users\/1"}],"replies":[{"embeddable":true,"href":"https:\/\/streetartrebellion.com\/index.php\/wp-json\/wp\/v2\/comments?post=9"}],"version-history":[{"count":31,"href":"https:\/\/streetartrebellion.com\/index.php\/wp-json\/wp\/v2\/pages\/9\/revisions"}],"predecessor-version":[{"id":815,"href":"https:\/\/streetartrebellion.com\/index.php\/wp-json\/wp\/v2\/pages\/9\/revisions\/815"}],"wp:featuredmedia":[{"embeddable":true,"href":"https:\/\/streetartrebellion.com\/index.php\/wp-json\/wp\/v2\/media\/476"}],"wp:attachment":[{"href":"https:\/\/streetartrebellion.com\/index.php\/wp-json\/wp\/v2\/media?parent=9"}],"curies":[{"name":"wp","href":"https:\/\/api.w.org\/{rel}","templated":true}]}}