{"id":761,"date":"2024-11-21T15:47:23","date_gmt":"2024-11-21T14:47:23","guid":{"rendered":"http:\/\/streetartrebellion.com\/?page_id=761"},"modified":"2024-11-24T10:33:43","modified_gmt":"2024-11-24T09:33:43","slug":"loveplanet-2020","status":"publish","type":"page","link":"https:\/\/streetartrebellion.com\/index.php\/loveplanet-2020\/","title":{"rendered":"#LOVEPLANET 2020"},"content":{"rendered":"\n<p><\/p>\n\n\n\n<figure class=\"wp-block-embed is-type-video is-provider-youtube wp-block-embed-youtube wp-embed-aspect-16-9 wp-has-aspect-ratio\"><div class=\"wp-block-embed__wrapper\">\n<iframe loading=\"lazy\" title=\"#LOVEPLANET \/\/ Faire de l&#039;art dans la cit\u00e9 pour changer la soci\u00e9t\u00e9\" width=\"990\" height=\"557\" src=\"https:\/\/www.youtube.com\/embed\/qHqdszPzdEc?start=13&#038;feature=oembed\" frameborder=\"0\" allow=\"accelerometer; autoplay; clipboard-write; encrypted-media; gyroscope; picture-in-picture; web-share\" referrerpolicy=\"strict-origin-when-cross-origin\" allowfullscreen><\/iframe>\n<\/div><figcaption class=\"wp-element-caption\">Teaser Street Art Rebellion, #LOVEPLANET, 2020<\/figcaption><\/figure>\n\n\n\n<p>C\u2019est ce message positif de r\u00e9bellion que porte #loveplanet en offrant la possibilit\u00e9 au grand public d\u2019utiliser les \u0153uvres cr\u00e9\u00e9es par <strong>48 artistes de 14 nationalit\u00e9s diff\u00e9rentes<\/strong>, qui ont accept\u00e9 de mettre leur talent et notori\u00e9t\u00e9 au service de cette action de collage de rue, participative, spontan\u00e9e et internationale.&nbsp;<\/p>\n\n\n\n<blockquote class=\"wp-block-quote is-layout-flow wp-block-quote-is-layout-flow\">\n<p><strong>Ador, Alexone, Alex Senna, Ardif, Bault, Bebar, Brokovich, Claire Courdavault, David de la Mano, Eko Nugroho, Ella &amp; Pitr, Ellena Lourens, Eric Lacan, Erika Raio, Ethos, Gilbert Petit, Harumo Sato, Jace, Jean-Michel Ouvry, Jober, Kiran Maharjan, Kosmic, Lena Macka, Levalet, Limo, Maksim Lopez, Melle Terite, Mika Husser, Mona Caron, Monsta, Mr Pee, Nubian, Olivier Garraud, Pablito Zago, Parvati, Petit Plat (St\u00e9phanie Kilgast), Philippe H\u00e9rard, Popay, Postindustrialanimism, Russ (Jordan Harang), Seth Globepainter, Sixo Santos, Skount, Speakcryptic, Stormie Mills, Treize Bis, Yseult YZ Digan<\/strong><\/p>\n<\/blockquote>\n\n\n\n<p>L\u2019action prend la forme d\u2019une <strong>campagne de collage collective en France et \u00e0 l\u2019\u00e9tranger<\/strong>, \u00e0 partir de visuels in\u00e9dits mis \u00e0 la disposition de toutes et de tous par les artistes contact\u00e9s par le collectif, associ\u00e9s \u00e0 des phrases ou citations choisies r\u00e9dig\u00e9es par les diff\u00e9rents collectifs et associations.<\/p>\n\n\n\n<p>Face \u00e0 l\u2019inaction politique, l\u2019alliance des sciences et des arts est une des voies possibles pour voir notre esp\u00e8ce r\u00e9agir et engager la survie du monde vivant, gr\u00e2ce au concours et au soutien de 17 partenaires :<\/p>\n\n\n\n<blockquote class=\"wp-block-quote is-layout-flow wp-block-quote-is-layout-flow\">\n<p><strong>BLOOM, La f\u00eate des possibles, La Voie est Libre, Notre Affaire A Tous, On est pr\u00eat, Pacte pour la transition, Paris sans voiture, Piano Terra, Respire, Shareable, Solar Sound System, Station-E, Surfrider Paris, ZEA ainsi que Otrad, R\u00e9gie Oxymore et Soneo films.<\/strong><\/p>\n<\/blockquote>\n\n\n\n<figure class=\"wp-block-image size-large\"><img loading=\"lazy\" decoding=\"async\" width=\"1024\" height=\"819\" src=\"http:\/\/streetartrebellion.com\/wp-content\/uploads\/2024\/11\/IMG_5818-2-1024x819.jpg\" alt=\"\" class=\"wp-image-817\" srcset=\"https:\/\/streetartrebellion.com\/wp-content\/uploads\/2024\/11\/IMG_5818-2-1024x819.jpg 1024w, https:\/\/streetartrebellion.com\/wp-content\/uploads\/2024\/11\/IMG_5818-2-300x240.jpg 300w, https:\/\/streetartrebellion.com\/wp-content\/uploads\/2024\/11\/IMG_5818-2-768x614.jpg 768w, https:\/\/streetartrebellion.com\/wp-content\/uploads\/2024\/11\/IMG_5818-2-1536x1229.jpg 1536w, https:\/\/streetartrebellion.com\/wp-content\/uploads\/2024\/11\/IMG_5818-2-2048x1638.jpg 2048w\" sizes=\"auto, (max-width: 1024px) 100vw, 1024px\" \/><\/figure>\n","protected":false},"excerpt":{"rendered":"<p>C\u2019est ce message positif de r\u00e9bellion que porte #loveplanet en offrant la possibilit\u00e9 au grand public d\u2019utiliser les \u0153uvres cr\u00e9\u00e9es &hellip; <a href=\"https:\/\/streetartrebellion.com\/index.php\/loveplanet-2020\/\" class=\"more-link\"><span class=\"more-button\">Read More<span class=\"screen-reader-text\">#LOVEPLANET 2020<\/span><\/span><\/a><\/p>\n","protected":false},"author":1,"featured_media":0,"parent":0,"menu_order":0,"comment_status":"closed","ping_status":"closed","template":"","meta":{"footnotes":""},"class_list":["post-761","page","type-page","status-publish","hentry"],"_links":{"self":[{"href":"https:\/\/streetartrebellion.com\/index.php\/wp-json\/wp\/v2\/pages\/761","targetHints":{"allow":["GET"]}}],"collection":[{"href":"https:\/\/streetartrebellion.com\/index.php\/wp-json\/wp\/v2\/pages"}],"about":[{"href":"https:\/\/streetartrebellion.com\/index.php\/wp-json\/wp\/v2\/types\/page"}],"author":[{"embeddable":true,"href":"https:\/\/streetartrebellion.com\/index.php\/wp-json\/wp\/v2\/users\/1"}],"replies":[{"embeddable":true,"href":"https:\/\/streetartrebellion.com\/index.php\/wp-json\/wp\/v2\/comments?post=761"}],"version-history":[{"count":4,"href":"https:\/\/streetartrebellion.com\/index.php\/wp-json\/wp\/v2\/pages\/761\/revisions"}],"predecessor-version":[{"id":818,"href":"https:\/\/streetartrebellion.com\/index.php\/wp-json\/wp\/v2\/pages\/761\/revisions\/818"}],"wp:attachment":[{"href":"https:\/\/streetartrebellion.com\/index.php\/wp-json\/wp\/v2\/media?parent=761"}],"curies":[{"name":"wp","href":"https:\/\/api.w.org\/{rel}","templated":true}]}}