{"id":547,"date":"2024-06-13T18:44:39","date_gmt":"2024-06-13T16:44:39","guid":{"rendered":"http:\/\/streetartrebellion.com\/?page_id=547"},"modified":"2024-06-14T15:53:37","modified_gmt":"2024-06-14T13:53:37","slug":"on-partage","status":"publish","type":"page","link":"https:\/\/streetartrebellion.com\/index.php\/on-partage\/","title":{"rendered":"\u00c0 D\u00c9COUVRIR"},"content":{"rendered":"\n<p>Une page d\u00e9di\u00e9e aux autres projets de cr\u00e9ations d&rsquo;affiches ou de collages.<\/p>\n\n\n\n<p>Parce que Street Art Rebellion travaille en \u00e9troite collaboration avec des artistes et les remercie pour leur implication dans le projet #loveplanet, nous souhaitons, \u00e0 notre tour, mettre en lumi\u00e8re leur projet.<br><\/p>\n\n\n\n<p class=\"has-text-align-center has-large-font-size\"><strong>LEVALET &#8211; LE SOMMEIL DE LA RAISON<\/strong><\/p>\n\n\n\n<p class=\"has-text-align-left\"><br>Il a num\u00e9ris\u00e9 ses visuels pour permettre un t\u00e9l\u00e9chargement gratuit. Vous pouvez les coller dans la rue et dire non \u00e0 la soci\u00e9t\u00e9 actuelle. Montrer qu&rsquo;on proteste partout contre les in\u00e9galit\u00e9s et injustices quotidiennes m\u00eame quand on est au travail ou qu&rsquo;on ne manifeste pas.<\/p>\n\n\n\n<div class=\"wp-block-buttons alignwide is-content-justification-center is-layout-flex wp-container-core-buttons-is-layout-16018d1d wp-block-buttons-is-layout-flex\">\n<div class=\"wp-block-button has-custom-font-size has-normal-font-size\"><a class=\"wp-block-button__link wp-element-button\" href=\"https:\/\/www.levalet.xyz\/file-share\" style=\"border-radius:0px\">T\u00c9L\u00c9CHARGER LES VISUELS<\/a><\/div>\n<\/div>\n\n\n\n<figure class=\"wp-block-gallery has-nested-images columns-default is-cropped wp-block-gallery-1 is-layout-flex wp-block-gallery-is-layout-flex\">\n<figure class=\"wp-block-image size-large\"><img loading=\"lazy\" decoding=\"async\" width=\"491\" height=\"1024\" data-id=\"587\" src=\"http:\/\/streetartrebellion.com\/wp-content\/uploads\/2024\/06\/1-couleur-1-491x1024.jpg\" alt=\"\" class=\"wp-image-587\" srcset=\"https:\/\/streetartrebellion.com\/wp-content\/uploads\/2024\/06\/1-couleur-1-491x1024.jpg 491w, https:\/\/streetartrebellion.com\/wp-content\/uploads\/2024\/06\/1-couleur-1-144x300.jpg 144w, https:\/\/streetartrebellion.com\/wp-content\/uploads\/2024\/06\/1-couleur-1-768x1601.jpg 768w, https:\/\/streetartrebellion.com\/wp-content\/uploads\/2024\/06\/1-couleur-1-737x1536.jpg 737w, https:\/\/streetartrebellion.com\/wp-content\/uploads\/2024\/06\/1-couleur-1.jpg 785w\" sizes=\"auto, (max-width: 491px) 100vw, 491px\" \/><\/figure>\n\n\n\n<figure class=\"wp-block-image size-large\"><img loading=\"lazy\" decoding=\"async\" width=\"387\" height=\"1024\" data-id=\"585\" src=\"http:\/\/streetartrebellion.com\/wp-content\/uploads\/2024\/06\/2-NB-2-387x1024.jpg\" alt=\"\" class=\"wp-image-585\" srcset=\"https:\/\/streetartrebellion.com\/wp-content\/uploads\/2024\/06\/2-NB-2-387x1024.jpg 387w, https:\/\/streetartrebellion.com\/wp-content\/uploads\/2024\/06\/2-NB-2-113x300.jpg 113w, https:\/\/streetartrebellion.com\/wp-content\/uploads\/2024\/06\/2-NB-2-580x1536.jpg 580w, https:\/\/streetartrebellion.com\/wp-content\/uploads\/2024\/06\/2-NB-2.jpg 610w\" sizes=\"auto, (max-width: 387px) 100vw, 387px\" \/><\/figure>\n\n\n\n<figure class=\"wp-block-image size-large\"><img loading=\"lazy\" decoding=\"async\" width=\"847\" height=\"1024\" data-id=\"586\" src=\"http:\/\/streetartrebellion.com\/wp-content\/uploads\/2024\/06\/3-NB-2-847x1024.jpg\" alt=\"\" class=\"wp-image-586\" srcset=\"https:\/\/streetartrebellion.com\/wp-content\/uploads\/2024\/06\/3-NB-2-847x1024.jpg 847w, https:\/\/streetartrebellion.com\/wp-content\/uploads\/2024\/06\/3-NB-2-248x300.jpg 248w, https:\/\/streetartrebellion.com\/wp-content\/uploads\/2024\/06\/3-NB-2-768x928.jpg 768w, https:\/\/streetartrebellion.com\/wp-content\/uploads\/2024\/06\/3-NB-2.jpg 1091w\" sizes=\"auto, (max-width: 847px) 100vw, 847px\" \/><\/figure>\n<\/figure>\n\n\n\n<hr class=\"wp-block-separator has-alpha-channel-opacity\"\/>\n\n\n\n<p class=\"has-text-align-center has-large-font-size\"><strong>24 X 36 CM<\/strong><\/p>\n\n\n\n<p>Voici <a href=\"https:\/\/www.24x36.art\/36raisons.pdf\">36 raisons<\/a> de faire des affiches pour le <a href=\"https:\/\/www.frontpopulaire-2024.fr\">Front Populaire 24<\/a>.<br><strong>Les consignes :<\/strong> Le ton sera joyeux, optimiste et le format 24&#215;36. Les images \u00ab\u00a0n\u00e9gatives ou agressives\u00a0\u00bb seront refus\u00e9es.<br>\u00c0 vos crayons, citoyen.ne.s<\/p>\n\n\n\n<div class=\"wp-block-buttons alignwide is-content-justification-center is-layout-flex wp-container-core-buttons-is-layout-16018d1d wp-block-buttons-is-layout-flex\">\n<div class=\"wp-block-button has-custom-font-size has-normal-font-size\"><a class=\"wp-block-button__link wp-element-button\" href=\"https:\/\/www.24x36.art\/\" style=\"border-radius:0px\">Aller sur le site<\/a><\/div>\n<\/div>\n\n\n\n<figure class=\"wp-block-gallery has-nested-images columns-default is-cropped wp-block-gallery-2 is-layout-flex wp-block-gallery-is-layout-flex\">\n<figure class=\"wp-block-image size-large\"><img loading=\"lazy\" decoding=\"async\" width=\"682\" height=\"1024\" data-id=\"558\" src=\"http:\/\/streetartrebellion.com\/wp-content\/uploads\/2024\/06\/4-1-682x1024.jpg\" alt=\"\" class=\"wp-image-558\" srcset=\"https:\/\/streetartrebellion.com\/wp-content\/uploads\/2024\/06\/4-1-682x1024.jpg 682w, https:\/\/streetartrebellion.com\/wp-content\/uploads\/2024\/06\/4-1-200x300.jpg 200w, https:\/\/streetartrebellion.com\/wp-content\/uploads\/2024\/06\/4-1-768x1153.jpg 768w, https:\/\/streetartrebellion.com\/wp-content\/uploads\/2024\/06\/4-1-1023x1536.jpg 1023w, https:\/\/streetartrebellion.com\/wp-content\/uploads\/2024\/06\/4-1-1365x2048.jpg 1365w, https:\/\/streetartrebellion.com\/wp-content\/uploads\/2024\/06\/4-1.jpg 1683w\" sizes=\"auto, (max-width: 682px) 100vw, 682px\" \/><\/figure>\n\n\n\n<figure class=\"wp-block-image size-large\"><img loading=\"lazy\" decoding=\"async\" width=\"683\" height=\"1024\" data-id=\"553\" src=\"http:\/\/streetartrebellion.com\/wp-content\/uploads\/2024\/06\/27-683x1024.jpg\" alt=\"\" class=\"wp-image-553\" srcset=\"https:\/\/streetartrebellion.com\/wp-content\/uploads\/2024\/06\/27-683x1024.jpg 683w, https:\/\/streetartrebellion.com\/wp-content\/uploads\/2024\/06\/27-200x300.jpg 200w, https:\/\/streetartrebellion.com\/wp-content\/uploads\/2024\/06\/27-768x1152.jpg 768w, https:\/\/streetartrebellion.com\/wp-content\/uploads\/2024\/06\/27-1024x1536.jpg 1024w, https:\/\/streetartrebellion.com\/wp-content\/uploads\/2024\/06\/27-1366x2048.jpg 1366w, https:\/\/streetartrebellion.com\/wp-content\/uploads\/2024\/06\/27.jpg 1667w\" sizes=\"auto, (max-width: 683px) 100vw, 683px\" \/><\/figure>\n\n\n\n<figure class=\"wp-block-image size-large\"><img loading=\"lazy\" decoding=\"async\" width=\"683\" height=\"1024\" data-id=\"554\" src=\"http:\/\/streetartrebellion.com\/wp-content\/uploads\/2024\/06\/28-683x1024.jpg\" alt=\"\" class=\"wp-image-554\" srcset=\"https:\/\/streetartrebellion.com\/wp-content\/uploads\/2024\/06\/28-683x1024.jpg 683w, https:\/\/streetartrebellion.com\/wp-content\/uploads\/2024\/06\/28-200x300.jpg 200w, https:\/\/streetartrebellion.com\/wp-content\/uploads\/2024\/06\/28-768x1152.jpg 768w, https:\/\/streetartrebellion.com\/wp-content\/uploads\/2024\/06\/28-1024x1536.jpg 1024w, https:\/\/streetartrebellion.com\/wp-content\/uploads\/2024\/06\/28-1366x2048.jpg 1366w, https:\/\/streetartrebellion.com\/wp-content\/uploads\/2024\/06\/28.jpg 1667w\" sizes=\"auto, (max-width: 683px) 100vw, 683px\" \/><\/figure>\n\n\n\n<figure class=\"wp-block-image size-large\"><img loading=\"lazy\" decoding=\"async\" width=\"683\" height=\"1024\" data-id=\"551\" src=\"http:\/\/streetartrebellion.com\/wp-content\/uploads\/2024\/06\/34-683x1024.jpg\" alt=\"\" class=\"wp-image-551\" srcset=\"https:\/\/streetartrebellion.com\/wp-content\/uploads\/2024\/06\/34-683x1024.jpg 683w, https:\/\/streetartrebellion.com\/wp-content\/uploads\/2024\/06\/34-200x300.jpg 200w, https:\/\/streetartrebellion.com\/wp-content\/uploads\/2024\/06\/34-768x1152.jpg 768w, https:\/\/streetartrebellion.com\/wp-content\/uploads\/2024\/06\/34-1024x1536.jpg 1024w, https:\/\/streetartrebellion.com\/wp-content\/uploads\/2024\/06\/34-1366x2048.jpg 1366w, https:\/\/streetartrebellion.com\/wp-content\/uploads\/2024\/06\/34.jpg 1667w\" sizes=\"auto, (max-width: 683px) 100vw, 683px\" \/><\/figure>\n<\/figure>\n","protected":false},"excerpt":{"rendered":"<p>Une page d\u00e9di\u00e9e aux autres projets de cr\u00e9ations d&rsquo;affiches ou de collages. Parce que Street Art Rebellion travaille en \u00e9troite &hellip; <a href=\"https:\/\/streetartrebellion.com\/index.php\/on-partage\/\" class=\"more-link\"><span class=\"more-button\">Read More<span class=\"screen-reader-text\">\u00c0 D\u00c9COUVRIR<\/span><\/span><\/a><\/p>\n","protected":false},"author":1,"featured_media":0,"parent":0,"menu_order":0,"comment_status":"closed","ping_status":"closed","template":"","meta":{"footnotes":""},"class_list":["post-547","page","type-page","status-publish","hentry"],"_links":{"self":[{"href":"https:\/\/streetartrebellion.com\/index.php\/wp-json\/wp\/v2\/pages\/547","targetHints":{"allow":["GET"]}}],"collection":[{"href":"https:\/\/streetartrebellion.com\/index.php\/wp-json\/wp\/v2\/pages"}],"about":[{"href":"https:\/\/streetartrebellion.com\/index.php\/wp-json\/wp\/v2\/types\/page"}],"author":[{"embeddable":true,"href":"https:\/\/streetartrebellion.com\/index.php\/wp-json\/wp\/v2\/users\/1"}],"replies":[{"embeddable":true,"href":"https:\/\/streetartrebellion.com\/index.php\/wp-json\/wp\/v2\/comments?post=547"}],"version-history":[{"count":11,"href":"https:\/\/streetartrebellion.com\/index.php\/wp-json\/wp\/v2\/pages\/547\/revisions"}],"predecessor-version":[{"id":595,"href":"https:\/\/streetartrebellion.com\/index.php\/wp-json\/wp\/v2\/pages\/547\/revisions\/595"}],"wp:attachment":[{"href":"https:\/\/streetartrebellion.com\/index.php\/wp-json\/wp\/v2\/media?parent=547"}],"curies":[{"name":"wp","href":"https:\/\/api.w.org\/{rel}","templated":true}]}}